{"id":60,"date":"2023-04-03T12:15:21","date_gmt":"2023-04-03T10:15:21","guid":{"rendered":"https:\/\/pckziu.pl\/?page_id=60"},"modified":"2023-04-03T12:15:21","modified_gmt":"2023-04-03T10:15:21","slug":"deklaracja-dostepnosci","status":"publish","type":"page","link":"https:\/\/pckziu.pl\/?page_id=60","title":{"rendered":"Deklaracja dost\u0119pno\u015bci"},"content":{"rendered":"\n<h3 class=\"wp-block-heading\"><strong>1. Nazwa podmiotu publicznego<\/strong><\/h3>\n\n\n\n<p>Powiatowe Centrum Kszta\u0142cenia Zawodowego i Ustawicznego w Drawsku Pomorskim zobowi\u0105zuje si\u0119 zapewni\u0107 dost\u0119pno\u015b\u0107 swojej strony internetowej zgodnie z przepisami ustawy z dnia 4 kwietnia 2019 r. o dost\u0119pno\u015bci cyfrowej stron internetowych i aplikacji mobilnych podmiot\u00f3w publicznych.<\/p>\n\n\n\n<p>O\u015bwiadczenie w sprawie dost\u0119pno\u015bci ma zastosowanie do strony internetowej&nbsp;&nbsp;<a href=\"http:\/\/www.sp109waw.pl\/\">http:\/\/ w<\/a>ww.pckziu.pl<\/p>\n\n\n\n<h3 class=\"wp-block-heading\"><strong>2. Data publikacji i aktualizacji<\/strong><\/h3>\n\n\n\n<p>Data publikacji strony internetowej: 2017-09-01<\/p>\n\n\n\n<p>Data ostatniej istotnej aktualizacji: 2022-04-01<\/p>\n\n\n\n<h3 class=\"wp-block-heading\"><strong>3. Dane kontaktowe<\/strong><\/h3>\n\n\n\n<p id=\"a11y-osoba\">Osoba do kontaktu:&nbsp;Dagmara Malec<\/p>\n\n\n\n<p>Email:&nbsp;sekretariat@pckziu.pl<\/p>\n\n\n\n<p>Telefon:&nbsp;514-206-215<\/p>\n\n\n\n<h3 class=\"wp-block-heading\"><strong>4. Data sporz\u0105dzenia Deklaracji Dost\u0119pno\u015bci oraz metoda o<\/strong><strong>ceny dost\u0119pno\u015bci cyfrowej<\/strong><\/h3>\n\n\n\n<ul class=\"wp-block-list\">\n<li>O\u015bwiadczenie sporz\u0105dzono dnia: 2022-04-01<\/li>\n\n\n\n<li>Data ostatniego przegl\u0105du i aktualizacji deklaracji:&nbsp;2022-04-01<\/li>\n\n\n\n<li>Deklaracj\u0119 sporz\u0105dzono na podstawie samooceny przeprowadzonej przez podmiot publiczny.&nbsp;<\/li>\n<\/ul>\n\n\n\n<p>Podstawa prawna :&nbsp;<strong>Ustawa o dost\u0119pno\u015bci cyfrowej zobowi\u0105zuj\u0105ca w art. 10 podmioty publiczne do sporz\u0105dzania i publikowania Deklaracji Dost\u0119pno\u015bci<\/strong>.<\/p>\n\n\n\n<h3 class=\"wp-block-heading\"><strong>5. Status pod wzgl\u0119dem zgodno\u015bci z ustaw\u0105<\/strong><\/h3>\n\n\n\n<p><strong>Strona internetowa jest cz\u0119\u015bciowo zgodna&nbsp;<\/strong>z ustaw\u0105 z dnia 4 kwietnia 2019 r. o dost\u0119pno\u015bci cyfrowej stron internetowych i aplikacji mobilnych podmiot\u00f3w publicznych z powodu niezgodno\u015bci lub wy\u0142\u0105cze\u0144 wymienionych poni\u017cej:<\/p>\n\n\n\n<p>&nbsp;Wymagania, kt\u00f3re nie zosta\u0142y spe\u0142nione:<\/p>\n\n\n\n<p>&#8211; niekt\u00f3re zdj\u0119cia z wydarze\u0144 nie posiadaj\u0105 pe\u0142nych opis\u00f3w alternatywnych<\/p>\n\n\n\n<p>&#8211; mapy s\u0105 wy\u0142\u0105czone z obowi\u0105zku zapewniania dost\u0119pno\u015bci<\/p>\n\n\n\n<p>&nbsp;&#8211; dokumenty w PDF nie s\u0105 dokumentami edytowalnymi.<\/p>\n\n\n\n<p>&#8211; alternatywa w postaci tekstu (nie wszystkie pliki graficzne posiadaj\u0105 alternatywny tekst)<\/p>\n\n\n\n<h3 class=\"wp-block-heading\"><strong>6. Skr\u00f3ty klawiaturowe<\/strong><\/h3>\n\n\n\n<p>Na stronie internetowej mo\u017cna u\u017cywa\u0107 standardowych skr\u00f3t\u00f3w klawiaturowych przegl\u0105darki.<\/p>\n\n\n\n<h3 class=\"wp-block-heading\"><strong>7. Dokumenty<\/strong><\/h3>\n\n\n\n<p>Na stronach&nbsp; znajduje si\u0119 wiele plik\u00f3w do pobrania. Wi\u0119kszo\u015b\u0107 z nich pochodzi z zasob\u00f3w wewn\u0119trznych. Mo\u017ce si\u0119 zdarzy\u0107, \u017ce nie wszystkie pliki b\u0119d\u0105 w pe\u0142ni dost\u0119pne, np. mo\u017ce w nich brakowa\u0107 nag\u0142\u00f3wk\u00f3w lub opis\u00f3w alternatywnych do tabel i grafik.<\/p>\n\n\n\n<h3 class=\"wp-block-heading\"><strong>8. Wersja mobilna<\/strong><\/h3>\n\n\n\n<p>Serwis zosta\u0142 zbudowany w oparciu o metod\u0119 \u201eResponsive Web Design\u201d, w skr\u00f3cie RWD. Metoda ta sprawia, \u017ce serwis automatycznie dostosowuje wy\u015bwietlanie do rozdzielczo\u015bci oraz wielko\u015bci ekranu.<\/p>\n\n\n\n<p>Nie wymaga powi\u0119kszania, ani przewijania w kierunku poziomym.<\/p>\n\n\n\n<p>W urz\u0105dzeniach takich jak tablety, smartfony, telefony kom\u00f3rkowe serwis jest znacznie bardziej czytelny i przyjazny w obs\u0142udze.<\/p>\n\n\n\n<h3 class=\"wp-block-heading\"><strong>9. Dodatkowe informacje<\/strong><\/h3>\n\n\n\n<p>INFORMACJA DLA U\u017bYTKOWNIK\u00d3W NIEPE\u0141NOSPRAWNYCH<\/p>\n\n\n\n<ul class=\"wp-block-list\">\n<li>U\u017cytkownicy korzystaj\u0105cy wy\u0142\u0105cznie z klawiatury mog\u0105 swobodnie porusza\u0107 si\u0119 po serwisie za pomoc\u0105 klawisza Tab.<\/li>\n\n\n\n<li>Nawigacja jest te\u017c przyjazna dla os\u00f3b niewidomych dzi\u0119ki unikalnym tytu\u0142om podstron i porz\u0105dkuj\u0105cej funkcji nag\u0142\u00f3wk\u00f3w.<\/li>\n\n\n\n<li>W ca\u0142ym serwisie w\u0142\u0105czony jest tzw. fokus, czyli domy\u015blne oznaczenie aktywnego linka czy pola formularza. Fokus przemieszcza si\u0119 po wszystkich widocznych elementach aktywnych strony w logicznej kolejno\u015bci \u2013 klawisz TAB.<\/li>\n\n\n\n<li>Linki \u2013 tak\u017ce te prowadz\u0105ce do serwis\u00f3w zewn\u0119trznych \u2013 otwieraj\u0105 si\u0119 w tym samym oknie.<\/li>\n\n\n\n<li>Kontrast tekstu do t\u0142a \u2013 dzi\u0119ki temu materia\u0142y osadzone na stronie s\u0105 czytelne tak\u017ce dla os\u00f3b s\u0142abiej widz\u0105cych.<\/li>\n\n\n\n<li>Staramy si\u0119 pisa\u0107 zrozumia\u0142e teksty oraz formatowa\u0107 je w spos\u00f3b zgodny z zasadami dost\u0119pno\u015bci.<\/li>\n\n\n\n<li>Zdj\u0119cia i grafiki w serwisie maj\u0105 alternatywne opisy, aby ich tre\u015b\u0107 by\u0142a dost\u0119pna dla os\u00f3b niewidomych oraz os\u00f3b, kt\u00f3re nie wy\u015bwietlaj\u0105 grafiki na przyk\u0142ad na urz\u0105dzeniach mobilnych.<\/li>\n<\/ul>\n\n\n\n<p>Serwis jest wyposa\u017cony w mechanizmy u\u0142atwiaj\u0105ce przegl\u0105dnie tre\u015bci przez osoby niedowidz\u0105ce nie korzystaj\u0105ce z technologii asystuj\u0105cych<\/p>\n\n\n\n<p>KONTRAST<\/p>\n\n\n\n<p>Kontrast kolorystyczny element\u00f3w przekazuj\u0105cych tre\u015bci ma stosunek jasno\u015bci tekstu do t\u0142a co najmniej 4,5 do 1.<\/p>\n\n\n\n<p>ZMIANA ROZMIARU STRONY<\/p>\n\n\n\n<p>Przegl\u0105darki internetowe za pomoc\u0105 skr\u00f3t\u00f3w klawiaturowych lub odpowiednich ustawie\u0144 umo\u017cliwiaj\u0105 powi\u0119kszenie serwisu. Jest to szczeg\u00f3lnie pomocne dla os\u00f3b z wad\u0105 wzroku. Aby powi\u0119kszy\u0107 tekst nale\u017cy wybra\u0107 odpowiedni\u0105 kombinacj\u0119 klawiszy:<\/p>\n\n\n\n<p>FIREFOX, CHROME, INTERNET EXPLORER, EDGE<\/p>\n\n\n\n<ul class=\"wp-block-list\">\n<li>[CTRL] oraz [+] aby powi\u0119kszy\u0107 widok<\/li>\n\n\n\n<li>[CTRL] oraz [-] aby pomniejszy\u0107 widok<\/li>\n<\/ul>\n\n\n\n<p>OPERA<\/p>\n\n\n\n<ul class=\"wp-block-list\">\n<li>[SHIFT] oraz [+] aby powi\u0119kszy\u0107 widok<\/li>\n\n\n\n<li>[-] aby pomniejszy\u0107 widok<\/li>\n<\/ul>\n\n\n\n<p>OPISY ALTERNATYWNE GRAFIK I ZDJ\u0118\u0106<\/p>\n\n\n\n<p>W serwisie&nbsp; do grafik i zdj\u0119\u0107, prezentuj\u0105cych istotne informacje, staramy si\u0119 dodawa\u0107 opisy alternatywne. Ponadto przyciski i pola formularzy s\u0105 w\u0142a\u015bciwie opisane.<\/p>\n\n\n\n<h3 class=\"wp-block-heading\">&nbsp;<strong>10.&nbsp;Opis dost\u0119pno\u015bci architektonicznej.&nbsp;<\/strong><\/h3>\n\n\n\n<p>(&#8230;)<\/p>\n\n\n\n<h3 class=\"wp-block-heading\"><strong>11. Informacje na temat procedury&nbsp;odwo\u0142awczej<\/strong><\/h3>\n\n\n\n<p>W przypadku problem\u00f3w z dost\u0119pno\u015bci\u0105 strony internetowej prosimy o kontakt .&nbsp;<\/p>\n\n\n\n<p>W zg\u0142oszeniu nale\u017cy poda\u0107:<\/p>\n\n\n\n<ul class=\"wp-block-list\">\n<li>swoje imi\u0119 i nazwisko,<\/li>\n\n\n\n<li>swoje&nbsp;dane kontaktowe (np. numer telefonu, e-mail),<\/li>\n\n\n\n<li>dok\u0142adny adres strony internetowej, na kt\u00f3rej jest niedost\u0119pny element lub tre\u015b\u0107,&nbsp;<\/li>\n\n\n\n<li>opis&nbsp;na czym polega problem i jaki spos\u00f3b jego rozwi\u0105zania&nbsp;by\u0142by dla Ciebie najwygodniejszy.<\/li>\n<\/ul>\n\n\n\n<p>Kontaktowa\u0107 mo\u017cna si\u0119&nbsp; dzwoni\u0105c na numer telefonu&nbsp;514-206-215&nbsp;&#8211; osob\u0105&nbsp; wyznaczon\u0105 do kontaktu&nbsp; jest&nbsp; pani&nbsp;Dagmara Malec&nbsp;&#8211; Sekretarz Szko\u0142y.<\/p>\n\n\n\n<p id=\"a11y-procedura\"><strong>Obs\u0142uga wniosk\u00f3w i skarg zwi\u0105zanych z dost\u0119pno\u015bci\u0105&nbsp;<\/strong><\/p>\n\n\n\n<p>Na Twoje zg\u0142oszenie odpowiemy najszybciej jak to mo\u017cliwe, nie p\u00f3\u017aniej ni\u017c w ci\u0105gu 7 dni od jego otrzymania.<\/p>\n\n\n\n<p>Je\u017celi ten termin b\u0119dzie dla nas zbyt kr\u00f3tki poinformujemy Ci\u0119 o tym. W tej informacji podamy nowy termin, do kt\u00f3rego poprawimy zg\u0142oszone przez Ciebie b\u0142\u0119dy lub przygotujemy informacje w alternatywny spos\u00f3b. Ten nowy termin nie b\u0119dzie d\u0142u\u017cszy ni\u017c 2 miesi\u0105ce.<\/p>\n\n\n\n<p>Je\u017celi nie b\u0119dziemy w stanie zapewni\u0107 dost\u0119pno\u015bci cyfrowej strony internetowej lub tre\u015bci, z Twojego zg\u0142oszeniu, zaproponujemy Ci dost\u0119p do nich w alternatywny spos\u00f3b.<\/p>\n\n\n\n<p>Je\u017celi nasze dzia\u0142ania nie b\u0119d\u0105 dla Ciebie zadowalaj\u0105ce, mo\u017cesz zg\u0142osi\u0107 skarg\u0119 do&nbsp;<a href=\"https:\/\/www.gov.pl\/web\/uw-mazowiecki\/zloz-skarge-i-wniosek\" target=\"_blank\" rel=\"noreferrer noopener\">o<\/a>rganu prowadz\u0105cego plac\u00f3wk\u0119. Je\u017celi nadal b\u0119dziesz mie\u0107 uwagi do naszych dzia\u0142a\u0144 zwi\u0105zane z dost\u0119pno\u015bci\u0105 cyfrow\u0105 mo\u017cesz zg\u0142osi\u0107 je do&nbsp;<a href=\"https:\/\/bip.brpo.gov.pl\/pl\/content\/rzecznik-i-biuro\" target=\"_blank\" rel=\"noreferrer noopener\">Rzecznika Praw Obywatelskich<\/a>.<\/p>\n\n\n\n<p>Wnioski o udost\u0119pnienie informacji niedost\u0119pnej oraz sk\u0142ada\u0107 \u017c\u0105dania zapewnienia dost\u0119pno\u015bci mo\u017cna sk\u0142ada\u0107 na adres e-mail szko\u0142y&nbsp;&nbsp;sekretariat@pckziu.pl&nbsp;.<\/p>\n\n\n\n<ul class=\"wp-block-list\" id=\"text23_BoxV_3\">\n<li>Ka\u017cdy ma prawo do wyst\u0105pienia z \u017c\u0105daniem zapewnienia dost\u0119pno\u015bci cyfrowej strony internetowej, aplikacji mobilnej lub jakiego\u015b ich elementu. Mo\u017cna tak\u017ce za\u017c\u0105da\u0107 udost\u0119pnienia informacji za pomoc\u0105 alternatywnego sposobu dost\u0119pu, na przyk\u0142ad przez odczytanie niedost\u0119pnego cyfrowo dokumentu, opisanie zawarto\u015bci filmu bez audiodeskrypcji itp.<\/li>\n\n\n\n<li>\u017b\u0105danie powinno zawiera\u0107 dane osoby zg\u0142aszaj\u0105cej \u017c\u0105danie, wskazanie, o kt\u00f3r\u0105 stron\u0119 internetow\u0105 lub aplikacj\u0119 mobiln\u0105 chodzi oraz spos\u00f3b kontaktu. Je\u017celi osoba \u017c\u0105daj\u0105ca zg\u0142asza potrzeb\u0119 otrzymania informacji za pomoc\u0105 alternatywnego sposobu dost\u0119pu, powinna tak\u017ce okre\u015bli\u0107 dogodny dla niej spos\u00f3b przedstawienia tej informacji. Podmiot publiczny powinien zrealizowa\u0107 \u017c\u0105danie niezw\u0142ocznie, nie p\u00f3\u017aniej ni\u017c w ci\u0105gu 7 dni od dnia wyst\u0105pienia z \u017c\u0105daniem.<\/li>\n\n\n\n<li>Je\u017celi dotrzymanie tego terminu nie jest mo\u017cliwe, podmiot publiczny niezw\u0142ocznie informuje o tym wnosz\u0105cego \u017c\u0105danie, kiedy realizacja \u017c\u0105dania b\u0119dzie mo\u017cliwa, przy czym termin ten nie mo\u017ce by\u0107 d\u0142u\u017cszy ni\u017c 2 miesi\u0105ce od dnia wyst\u0105pienia z \u017c\u0105daniem. Je\u017celi zapewnienie dost\u0119pno\u015bci cyfrowej nie jest mo\u017cliwe, podmiot publiczny mo\u017ce zaproponowa\u0107 alternatywny spos\u00f3b dost\u0119pu do informacji.<\/li>\n\n\n\n<li>W przypadku, gdy podmiot publiczny odm\u00f3wi realizacji \u017c\u0105dania zapewnienia dost\u0119pno\u015bci lub alternatywnego sposobu dost\u0119pu do informacji, wnosz\u0105cy \u017c\u0105danie mo\u017cne z\u0142o\u017cy\u0107 skarg\u0119 w sprawie zapewniana dost\u0119pno\u015bci cyfrowej strony internetowej, aplikacji mobilnej lub elementu strony internetowej, lub aplikacji mobilnej.<\/li>\n\n\n\n<li>Po wyczerpaniu wskazanej wy\u017cej procedury mo\u017cna tak\u017ce z\u0142o\u017cy\u0107 wniosek do Rzecznika Praw Obywatelskich&nbsp;<a href=\"https:\/\/www.rpo.gov.pl\/pl\/content\/kontakt-przyjmujemy-sprawy-do-rpo\">https:\/\/www.rpo.gov.pl\/pl\/content\/kontakt-przyjmujemy-sprawy-do-rpo<\/a><\/li>\n<\/ul>\n","protected":false},"excerpt":{"rendered":"<p>1. Nazwa podmiotu publicznego Powiatowe Centrum Kszta\u0142cenia Zawodowego i Ustawicznego w Drawsku Pomorskim zobowi\u0105zuje si\u0119 zapewni\u0107 dost\u0119pno\u015b\u0107 swojej strony internetowej zgodnie z przepisami ustawy z dnia 4 kwietnia 2019 r. o dost\u0119pno\u015bci cyfrowej stron internetowych i aplikacji mobilnych podmiot\u00f3w publicznych. O\u015bwiadczenie w sprawie dost\u0119pno\u015bci ma zastosowanie do strony internetowej&nbsp;&nbsp;http:\/\/ www.pckziu.pl 2. Data publikacji i aktualizacji [&hellip;]<\/p>\n","protected":false},"author":1,"featured_media":0,"parent":0,"menu_order":0,"comment_status":"closed","ping_status":"closed","template":"","meta":{"footnotes":""},"class_list":["post-60","page","type-page","status-publish","hentry"],"_links":{"self":[{"href":"https:\/\/pckziu.pl\/index.php?rest_route=\/wp\/v2\/pages\/60","targetHints":{"allow":["GET"]}}],"collection":[{"href":"https:\/\/pckziu.pl\/index.php?rest_route=\/wp\/v2\/pages"}],"about":[{"href":"https:\/\/pckziu.pl\/index.php?rest_route=\/wp\/v2\/types\/page"}],"author":[{"embeddable":true,"href":"https:\/\/pckziu.pl\/index.php?rest_route=\/wp\/v2\/users\/1"}],"replies":[{"embeddable":true,"href":"https:\/\/pckziu.pl\/index.php?rest_route=%2Fwp%2Fv2%2Fcomments&post=60"}],"version-history":[{"count":1,"href":"https:\/\/pckziu.pl\/index.php?rest_route=\/wp\/v2\/pages\/60\/revisions"}],"predecessor-version":[{"id":61,"href":"https:\/\/pckziu.pl\/index.php?rest_route=\/wp\/v2\/pages\/60\/revisions\/61"}],"wp:attachment":[{"href":"https:\/\/pckziu.pl\/index.php?rest_route=%2Fwp%2Fv2%2Fmedia&parent=60"}],"curies":[{"name":"wp","href":"https:\/\/api.w.org\/{rel}","templated":true}]}}