{"id":45,"date":"2023-04-02T20:25:21","date_gmt":"2023-04-02T18:25:21","guid":{"rendered":"https:\/\/pckziu.pl\/?page_id=45"},"modified":"2023-04-02T20:25:21","modified_gmt":"2023-04-02T18:25:21","slug":"rodo","status":"publish","type":"page","link":"https:\/\/pckziu.pl\/?page_id=45","title":{"rendered":"RODO"},"content":{"rendered":"\n<h2 class=\"wp-block-heading\">Klauzula informacyjna<\/h2>\n\n\n\n<p>Zgodnie z art. 13 ust. 1 i 2 rozporz\u0105dzenia Parlamentu Europejskiego i Rady (UE) 2016\/679 o ochronie danych osobowych z 27 kwietnia 2016 r. w sprawie ochrony&nbsp; os\u00f3b fizycznych w zwi\u0105zku z przetwarzaniem ich danych osobowych i w sprawie swobodnego przep\u0142ywu takich danych oraz uchylenia dyrektywy 95\/46\/WE, Dz. Urz. UE L 119 z 4.5.2016 zwanym dalej jako RODO informujemy:<\/p>\n\n\n\n<p>1.&nbsp; &nbsp; Administratorem Pa\u0144stwa danych osobowych jest Powiatowe Centrum Kszta\u0142cenia Zawodowego i Ustawicznego w Drawsku Pomorskim, znajduj\u0105ce si\u0119 przy ul. Warmi\u0144skiej 1, 78 &#8211; 500 Drawsko Pomorskie; kontakt telefoniczny: 94 363 00 52 lub 94 363 00 54, lub 514 206 215; e-mail: sekretariat@pckziu.pl&nbsp;<\/p>\n\n\n\n<p>2.&nbsp; &nbsp; Inspektorem Ochrony Danych Osobowych jest Dawid Nogaj, PC Service, Wysogotowo ul. Wierzbowa 33, 62- 081 Prze\u017amierowo; e-mail: info@bezpieczne-dane.eu<\/p>\n\n\n\n<p>3.&nbsp; &nbsp; Pa\u0144stwa dane osobowe b\u0119d\u0105 przetwarzane na podstawie art. 6 ust. 1 lit. b, i c przywo\u0142anego wy\u017cej rozporz\u0105dzenia, w celu realizacji zada\u0144 ustawowych okre\u015blonych w ustawie z dnia 14 grudnia 2016 r. \u2013 Prawo o\u015bwiatowe (Dz. U. z 2017 r., poz.59, z p\u00f3\u017an. zm.), ustawy z dnia 7 wrze\u015bnia 1991 r. o systemie o\u015bwiaty (t.j. Dz. U. z 2017 r. poz. 2198, z p\u00f3\u017an. zm.), ustawy z dnia 15 kwietnia 2011 r. o systemie informacji o\u015bwiatowej (t.j. Dz. U. z 2017 r., poz. 2159 z p\u00f3\u017an. zm.) oraz innych przepis\u00f3w z zakresu o\u015bwiaty.<\/p>\n\n\n\n<p>4.&nbsp; &nbsp; Odbiorcami Pa\u0144stwa danych osobowych b\u0119d\u0105 podmioty uprawnione do uzyskania danych osobowych na podstawie przepis\u00f3w z zakresu o\u015bwiaty, finans\u00f3w publicznych i funkcjonowania samorz\u0105du terytorialnego ( i jego jednostek organizacyjnych)&nbsp; w tym Zachodniopomorski Kurator O\u015bwiaty, Okr\u0119gowa Komisja Egzaminacyjna w Poznaniu, Starostwo Powiatowe w Drawsku Pomorskim, Centrum Us\u0142ug Wsp\u00f3lnych w Drawsku Pomorskim (itp.).<\/p>\n\n\n\n<p>5.&nbsp; &nbsp; Pa\u0144stwa dane osobowe w postaci wizerunku utrwalonego jako fotografia i\/lub nagranie video b\u0119dzie przetwarzane i udost\u0119pniane&nbsp; na tablicach Powiatowego Centrum Kszta\u0142cenia Zawodowego i Ustawicznego w Drawsku Pomorskim, publikacjach wydawanych przez PCKZiU, a tak\u017ce i Internecie na stronach profilowych PCKZiU, a tak\u017ce mog\u0105 by\u0107 udost\u0119pniane mediom w celach promocji PCKZiU.<\/p>\n\n\n\n<p>6.&nbsp; &nbsp; Dane osobowe b\u0119d\u0105 przechowywane przez okresy&nbsp; wynikaj\u0105ce z przepis\u00f3w prawa oraz archiwizowane zgodnie z regulacjami obowi\u0105zuj\u0105cymi w Powiatowym Centrum Kszta\u0142cenia Zawodowego i Ustawicznego w Drawsku Pomorskim.<\/p>\n\n\n\n<p>7.&nbsp; &nbsp; W zakresie i granicach okre\u015blonych w RODO w zwi\u0105zku z przetwarzaniem Pa\u0144stwa danych osobowych posiadaj\u0105 Pa\u0144stwo nast\u0119puj\u0105ce prawa:<\/p>\n\n\n\n<p>\u00b7&nbsp; &nbsp; &nbsp; &nbsp;dost\u0119pu do tre\u015bci swoich danych \u2013 korzystaj\u0105c z tego prawa maj\u0105 Pa\u0144stwo mo\u017cliwo\u015b\u0107 pozyskania informacji, jakie dane, w jaki spos\u00f3b i w jakim celu s\u0105 przetwarzane,<\/p>\n\n\n\n<p>\u00b7&nbsp; &nbsp; &nbsp; &nbsp;prawo ich sprostowania \u2013 korzystaj\u0105c z tego prawa mog\u0105 Pa\u0144stwo zg\u0142osi\u0107 do nas konieczno\u015b\u0107 poprawienia niepoprawnych danych lub uzupe\u0142nienia danych wynikaj\u0105cych z b\u0142\u0119du przy zbieraniu, czy przetwarzaniu danych,<\/p>\n\n\n\n<p>\u00b7&nbsp; &nbsp; &nbsp; &nbsp;prawo do usuni\u0119cia \u2013 korzystaj\u0105c z tego prawa mog\u0105 Pa\u0144stwo z\u0142o\u017cy\u0107 wniosek o usuni\u0119cie danych. W przypadku zasadno\u015bci wniosku dokonamy niezw\u0142ocznego usuni\u0119cia danych. Prawo to nie dotyczy jednak sytuacji gdy dane osobowe przetwarzane s\u0105 do cel\u00f3w zwi\u0105zanych z wywi\u0105zywaniem si\u0119 z prawnych obowi\u0105zk\u00f3w administratora lub do wykonania zadania realizowanego w interesie publicznym lub w ramach w\u0142adzy publicznej powierzonej administratorowi,<\/p>\n\n\n\n<p>\u00b7&nbsp; &nbsp; &nbsp; &nbsp;prawo do ograniczenia przetwarzania \u2013 korzystaj\u0105c z tego prawa mog\u0105 Pa\u0144stwo z\u0142o\u017cy\u0107 wniosek o ograniczenie przetwarzania danych, w razie kwestionowania prawid\u0142owo\u015bci przetwarzanych danych. W przypadku zasadno\u015bci wniosku mo\u017cemy dane jedynie przechowywa\u0107. Odblokowanie przetwarzania mo\u017ce odby\u0107 si\u0119 po ustaniu przes\u0142anek uzasadniaj\u0105cych ograniczenie przetwarzania,<\/p>\n\n\n\n<p>\u00b7&nbsp; &nbsp; &nbsp; &nbsp;prawo do przenoszenia danych \u2013 ma zastosowanie jedynie w przypadkach je\u017celi dane s\u0105 przetwarzane na podstawie zgody i w spos\u00f3b zautomatyzowany,<\/p>\n\n\n\n<p>\u00b7&nbsp; &nbsp; &nbsp; &nbsp;prawo wniesienia sprzeciwu \u2013 korzystaj\u0105c z tego prawa mog\u0105 Pa\u0144stwo w dowolnym momencie wnie\u015b\u0107 sprzeciw wobec przetwarzania Pa\u0144stwa danych, je\u017celi s\u0105 one przetwarzane na podstawie art. 6 ust. 1 lit e lub f. (prawnie uzasadniony interes lub interes publiczny),<\/p>\n\n\n\n<p>\u00b7&nbsp; &nbsp; &nbsp; &nbsp;prawo do cofni\u0119cia zgody na ich przetwarzanie &#8211; w dowolnym momencie bez wp\u0142ywu na zgodno\u015b\u0107 z prawem przetwarzania, w wypadku je\u017celi przetwarzania kt\u00f3rego dokonano na podstawie zgody wyra\u017conej przed jej cofni\u0119ciem,<\/p>\n\n\n\n<p>\u00b7&nbsp; &nbsp; &nbsp; &nbsp;do ograniczenia przetwarzania \u2013 wy\u0142\u0105cznie w przypadkach, gdy gromadzenie i przetwarzanie danych osobowych nie wynika z obowi\u0105zuj\u0105cych przepis\u00f3w prawnych. W zakresie danych osobowych dotycz\u0105cych dokument\u00f3w kszta\u0142cenia wymagany jest bezwzgl\u0119dny nakaz zachowania.<\/p>\n\n\n\n<p>8.&nbsp; &nbsp; Przys\u0142uguje Pa\u0144stwu prawo wniesienia skargi do organu nadzorczego, tj. Prezesa Urz\u0119du Ochrony Danych.<\/p>\n\n\n\n<p>9.&nbsp; &nbsp; Podanie danych osobowych jest wymogiem ustawowym wynikaj\u0105cym z r\u00f3\u017cnych przepis\u00f3w prawnych, przede wszystkim &#8211; o\u015bwiatowych. Podanie danych osobowych innych ni\u017c te wynikaj\u0105ce z przepis\u00f3w jest dobrowolne. Jednak\u017ce niepodanie danych w zakresie wymaganym przez Administratora mo\u017ce skutkowa\u0107 brakiem mo\u017cliwo\u015bci realizacji r\u00f3\u017cnych czynno\u015bci Administratora w stosunku do w\u0142a\u015bciciela tych danych lub realizacji obowi\u0105zk\u00f3w samego Administratora.<\/p>\n\n\n\n<p>10. Pa\u0144stwa dane nie b\u0119d\u0105 poddane zautomatyzowanemu podejmowaniu decyzji (profilowaniu) w celu realizacji przez Administratora obowi\u0105zk\u00f3w wynikaj\u0105cych z przepis\u00f3w w zakresie o\u015bwiaty.<\/p>\n\n\n\n<p>11. Pa\u0144stwa dane nie b\u0119d\u0105 przekazywane odbiorcom danych ani nie b\u0119d\u0105 przekazywane do pa\u0144stwa trzeciego lub organizacji mi\u0119dzynarodowej z wy\u0142\u0105czeniem sytuacji wynikaj\u0105cych z przepis\u00f3w prawa lub udzielonej przez Pa\u0144stwa zgody(np. w przypadku organizowania przez Administratora wyjazd\u00f3w zagranicznych).<\/p>\n\n\n\n<p><\/p>\n","protected":false},"excerpt":{"rendered":"<p>Klauzula informacyjna Zgodnie z art. 13 ust. 1 i 2 rozporz\u0105dzenia Parlamentu Europejskiego i Rady (UE) 2016\/679 o ochronie danych osobowych z 27 kwietnia 2016 r. w sprawie ochrony&nbsp; os\u00f3b fizycznych w zwi\u0105zku z przetwarzaniem ich danych osobowych i w sprawie swobodnego przep\u0142ywu takich danych oraz uchylenia dyrektywy 95\/46\/WE, Dz. Urz. UE L 119 z [&hellip;]<\/p>\n","protected":false},"author":1,"featured_media":0,"parent":0,"menu_order":0,"comment_status":"closed","ping_status":"closed","template":"","meta":{"footnotes":""},"class_list":["post-45","page","type-page","status-publish","hentry"],"_links":{"self":[{"href":"https:\/\/pckziu.pl\/index.php?rest_route=\/wp\/v2\/pages\/45","targetHints":{"allow":["GET"]}}],"collection":[{"href":"https:\/\/pckziu.pl\/index.php?rest_route=\/wp\/v2\/pages"}],"about":[{"href":"https:\/\/pckziu.pl\/index.php?rest_route=\/wp\/v2\/types\/page"}],"author":[{"embeddable":true,"href":"https:\/\/pckziu.pl\/index.php?rest_route=\/wp\/v2\/users\/1"}],"replies":[{"embeddable":true,"href":"https:\/\/pckziu.pl\/index.php?rest_route=%2Fwp%2Fv2%2Fcomments&post=45"}],"version-history":[{"count":1,"href":"https:\/\/pckziu.pl\/index.php?rest_route=\/wp\/v2\/pages\/45\/revisions"}],"predecessor-version":[{"id":46,"href":"https:\/\/pckziu.pl\/index.php?rest_route=\/wp\/v2\/pages\/45\/revisions\/46"}],"wp:attachment":[{"href":"https:\/\/pckziu.pl\/index.php?rest_route=%2Fwp%2Fv2%2Fmedia&parent=45"}],"curies":[{"name":"wp","href":"https:\/\/api.w.org\/{rel}","templated":true}]}}