{"id":185,"date":"2023-04-03T16:00:14","date_gmt":"2023-04-03T14:00:14","guid":{"rendered":"https:\/\/pckziu.pl\/?page_id=185"},"modified":"2023-05-04T11:30:47","modified_gmt":"2023-05-04T09:30:47","slug":"stolarz","status":"publish","type":"page","link":"https:\/\/pckziu.pl\/?page_id=185","title":{"rendered":"Stolarz"},"content":{"rendered":"\n<p>Stolarz&nbsp;to pracownik, kt\u00f3ry wykonuje i konserwuje przedmioty drewniane lub drewnopodobne takie jak: meble (w budynkach mieszkalnych, w halach produkcyjnych, w magazynach, w obiektach handlowo-us\u0142ugowych), meble artystyczne, elementy stolarki budowlanej, skrzynie, instrumenty muzyczne, ramy, wyroby dekoracyjne itp.<br><br><\/p>\n\n\n\n<figure class=\"wp-block-image size-large\"><img loading=\"lazy\" decoding=\"async\" width=\"1024\" height=\"768\" src=\"https:\/\/pckziu.pl\/wp-content\/uploads\/2023\/05\/sto4-1024x768.jpg\" alt=\"\" class=\"wp-image-313\" srcset=\"https:\/\/pckziu.pl\/wp-content\/uploads\/2023\/05\/sto4-1024x768.jpg 1024w, https:\/\/pckziu.pl\/wp-content\/uploads\/2023\/05\/sto4-300x225.jpg 300w, https:\/\/pckziu.pl\/wp-content\/uploads\/2023\/05\/sto4-768x576.jpg 768w, https:\/\/pckziu.pl\/wp-content\/uploads\/2023\/05\/sto4-1536x1152.jpg 1536w, https:\/\/pckziu.pl\/wp-content\/uploads\/2023\/05\/sto4-624x468.jpg 624w, https:\/\/pckziu.pl\/wp-content\/uploads\/2023\/05\/sto4.jpg 2048w\" sizes=\"auto, (max-width: 1024px) 100vw, 1024px\" \/><\/figure>\n\n\n\n<p>tolarz wykonuje elementy drewniane lub drewnopodobne na podstawie dokumentacji, rysunk\u00f3w technicznych lub w\u0142asnych projekt\u00f3w. Stolarz dobiera odpowiednie gatunki drewna lub materia\u0142y drewnopodobne, kleje, pokosty, farby i lakiery w zale\u017cno\u015bci od ich w\u0142a\u015bciwo\u015bci i od przeznaczenia. Precyzyjnie wycina i \u0142\u0105czy elementy np. mebli, okleja meble fornirem lub p\u0142ytami laminowanymi przy pomocy r\u00f3\u017cnego sprz\u0119tu (mechanicznego lub r\u0119cznego). Szlifuje i lakieruje powierzchnie drewniane lub drewnopodobne, montuje je w przewidzianym miejscu. Zajmuje si\u0119 rekonstrukcj\u0105 oryginalnych, zabytkowych mebli: odtwarza brakuj\u0105ce elementy, konserwuje i odpowiednio zabezpiecza przed szkodnikami czy dalszym zepsuciem.<\/p>\n\n\n\n<figure class=\"wp-block-image size-large\"><img loading=\"lazy\" decoding=\"async\" width=\"1024\" height=\"768\" src=\"https:\/\/pckziu.pl\/wp-content\/uploads\/2023\/05\/sto1-2-1024x768.jpg\" alt=\"\" class=\"wp-image-315\" srcset=\"https:\/\/pckziu.pl\/wp-content\/uploads\/2023\/05\/sto1-2-1024x768.jpg 1024w, https:\/\/pckziu.pl\/wp-content\/uploads\/2023\/05\/sto1-2-300x225.jpg 300w, https:\/\/pckziu.pl\/wp-content\/uploads\/2023\/05\/sto1-2-768x576.jpg 768w, https:\/\/pckziu.pl\/wp-content\/uploads\/2023\/05\/sto1-2-1536x1152.jpg 1536w, https:\/\/pckziu.pl\/wp-content\/uploads\/2023\/05\/sto1-2-624x468.jpg 624w, https:\/\/pckziu.pl\/wp-content\/uploads\/2023\/05\/sto1-2.jpg 2048w\" sizes=\"auto, (max-width: 1024px) 100vw, 1024px\" \/><\/figure>\n","protected":false},"excerpt":{"rendered":"<p>Stolarz&nbsp;to pracownik, kt\u00f3ry wykonuje i konserwuje przedmioty drewniane lub drewnopodobne takie jak: meble (w budynkach mieszkalnych, w halach produkcyjnych, w magazynach, w obiektach handlowo-us\u0142ugowych), meble artystyczne, elementy stolarki budowlanej, skrzynie, instrumenty muzyczne, ramy, wyroby dekoracyjne itp. tolarz wykonuje elementy drewniane lub drewnopodobne na podstawie dokumentacji, rysunk\u00f3w technicznych lub w\u0142asnych projekt\u00f3w. Stolarz dobiera odpowiednie gatunki drewna [&hellip;]<\/p>\n","protected":false},"author":1,"featured_media":0,"parent":0,"menu_order":0,"comment_status":"closed","ping_status":"closed","template":"","meta":{"footnotes":""},"class_list":["post-185","page","type-page","status-publish","hentry"],"_links":{"self":[{"href":"https:\/\/pckziu.pl\/index.php?rest_route=\/wp\/v2\/pages\/185","targetHints":{"allow":["GET"]}}],"collection":[{"href":"https:\/\/pckziu.pl\/index.php?rest_route=\/wp\/v2\/pages"}],"about":[{"href":"https:\/\/pckziu.pl\/index.php?rest_route=\/wp\/v2\/types\/page"}],"author":[{"embeddable":true,"href":"https:\/\/pckziu.pl\/index.php?rest_route=\/wp\/v2\/users\/1"}],"replies":[{"embeddable":true,"href":"https:\/\/pckziu.pl\/index.php?rest_route=%2Fwp%2Fv2%2Fcomments&post=185"}],"version-history":[{"count":3,"href":"https:\/\/pckziu.pl\/index.php?rest_route=\/wp\/v2\/pages\/185\/revisions"}],"predecessor-version":[{"id":316,"href":"https:\/\/pckziu.pl\/index.php?rest_route=\/wp\/v2\/pages\/185\/revisions\/316"}],"wp:attachment":[{"href":"https:\/\/pckziu.pl\/index.php?rest_route=%2Fwp%2Fv2%2Fmedia&parent=185"}],"curies":[{"name":"wp","href":"https:\/\/api.w.org\/{rel}","templated":true}]}}