{"id":183,"date":"2023-04-03T15:59:41","date_gmt":"2023-04-03T13:59:41","guid":{"rendered":"https:\/\/pckziu.pl\/?page_id=183"},"modified":"2023-05-04T11:24:35","modified_gmt":"2023-05-04T09:24:35","slug":"technik-technologii-drewna","status":"publish","type":"page","link":"https:\/\/pckziu.pl\/?page_id=183","title":{"rendered":"Technik technologii drewna"},"content":{"rendered":"\n<p>Opracowywanie dokumentacji technicznej i technologicznej w zakresie przygotowywania, przebiegu, kierowania i nadzorowania procesu technologii drewna.<\/p>\n\n\n\n<figure class=\"wp-block-image size-large\"><img loading=\"lazy\" decoding=\"async\" width=\"1024\" height=\"569\" src=\"https:\/\/pckziu.pl\/wp-content\/uploads\/2023\/05\/sto3-1-1024x569.jpg\" alt=\"\" class=\"wp-image-309\" srcset=\"https:\/\/pckziu.pl\/wp-content\/uploads\/2023\/05\/sto3-1-1024x569.jpg 1024w, https:\/\/pckziu.pl\/wp-content\/uploads\/2023\/05\/sto3-1-300x167.jpg 300w, https:\/\/pckziu.pl\/wp-content\/uploads\/2023\/05\/sto3-1-768x427.jpg 768w, https:\/\/pckziu.pl\/wp-content\/uploads\/2023\/05\/sto3-1-1536x853.jpg 1536w, https:\/\/pckziu.pl\/wp-content\/uploads\/2023\/05\/sto3-1-624x347.jpg 624w, https:\/\/pckziu.pl\/wp-content\/uploads\/2023\/05\/sto3-1.jpg 1728w\" sizes=\"auto, (max-width: 1024px) 100vw, 1024px\" \/><\/figure>\n\n\n\n<p>Technik technilogii drewna to osoba b\u0119d\u0105ca specjalist\u0105 w dziedzinie technologii, kt\u00f3re stosuje si\u0119 w przemy\u015ble drzewnym. Do obowi\u0105zk\u00f3w na tym stanowisku nale\u017cy stworzenie odpowiednich warunk\u00f3w do adaptacji linii technologicznych oraz kontrola wykorzystania nowych technologii. Ekspert w dziedzinie technologii drewna zajmuje si\u0119 r\u00f3wnie\u017c wprowadzaniem standard\u00f3w jako\u015bci oraz opracowywaniem norm obowi\u0105zuj\u0105cych w firmie. Praca technika technologii drewna mo\u017ce polega\u0107 na nadzorowaniu dzia\u0142ania maszyn wykorzystywanych do obr\u00f3bki drewna. Technolog ci\u0105gle poszukuje rozwi\u0105za\u0144, kt\u00f3re doprowadz\u0105 do optymalizowania produkcji w przedsi\u0119biorstwie przemys\u0142u drzewnego.<\/p>\n\n\n\n<figure class=\"wp-block-gallery has-nested-images columns-default is-cropped wp-block-gallery-1 is-layout-flex wp-block-gallery-is-layout-flex\">\n<figure class=\"wp-block-image size-large\"><img loading=\"lazy\" decoding=\"async\" width=\"569\" height=\"1024\" data-id=\"310\" src=\"https:\/\/pckziu.pl\/wp-content\/uploads\/2023\/05\/sto1-1-569x1024.jpg\" alt=\"\" class=\"wp-image-310\" srcset=\"https:\/\/pckziu.pl\/wp-content\/uploads\/2023\/05\/sto1-1-569x1024.jpg 569w, https:\/\/pckziu.pl\/wp-content\/uploads\/2023\/05\/sto1-1-167x300.jpg 167w, https:\/\/pckziu.pl\/wp-content\/uploads\/2023\/05\/sto1-1-768x1382.jpg 768w, https:\/\/pckziu.pl\/wp-content\/uploads\/2023\/05\/sto1-1-853x1536.jpg 853w, https:\/\/pckziu.pl\/wp-content\/uploads\/2023\/05\/sto1-1-624x1123.jpg 624w, https:\/\/pckziu.pl\/wp-content\/uploads\/2023\/05\/sto1-1.jpg 960w\" sizes=\"auto, (max-width: 569px) 100vw, 569px\" \/><\/figure>\n\n\n\n<figure class=\"wp-block-image size-large\"><img loading=\"lazy\" decoding=\"async\" width=\"569\" height=\"1024\" data-id=\"311\" src=\"https:\/\/pckziu.pl\/wp-content\/uploads\/2023\/05\/sto2-1-569x1024.jpg\" alt=\"\" class=\"wp-image-311\" srcset=\"https:\/\/pckziu.pl\/wp-content\/uploads\/2023\/05\/sto2-1-569x1024.jpg 569w, https:\/\/pckziu.pl\/wp-content\/uploads\/2023\/05\/sto2-1-167x300.jpg 167w, https:\/\/pckziu.pl\/wp-content\/uploads\/2023\/05\/sto2-1-768x1382.jpg 768w, https:\/\/pckziu.pl\/wp-content\/uploads\/2023\/05\/sto2-1-853x1536.jpg 853w, https:\/\/pckziu.pl\/wp-content\/uploads\/2023\/05\/sto2-1-624x1123.jpg 624w, https:\/\/pckziu.pl\/wp-content\/uploads\/2023\/05\/sto2-1.jpg 960w\" sizes=\"auto, (max-width: 569px) 100vw, 569px\" \/><\/figure>\n<\/figure>\n","protected":false},"excerpt":{"rendered":"<p>Opracowywanie dokumentacji technicznej i technologicznej w zakresie przygotowywania, przebiegu, kierowania i nadzorowania procesu technologii drewna. Technik technilogii drewna to osoba b\u0119d\u0105ca specjalist\u0105 w dziedzinie technologii, kt\u00f3re stosuje si\u0119 w przemy\u015ble drzewnym. Do obowi\u0105zk\u00f3w na tym stanowisku nale\u017cy stworzenie odpowiednich warunk\u00f3w do adaptacji linii technologicznych oraz kontrola wykorzystania nowych technologii. Ekspert w dziedzinie technologii drewna zajmuje [&hellip;]<\/p>\n","protected":false},"author":1,"featured_media":0,"parent":0,"menu_order":0,"comment_status":"closed","ping_status":"closed","template":"","meta":{"footnotes":""},"class_list":["post-183","page","type-page","status-publish","hentry"],"_links":{"self":[{"href":"https:\/\/pckziu.pl\/index.php?rest_route=\/wp\/v2\/pages\/183","targetHints":{"allow":["GET"]}}],"collection":[{"href":"https:\/\/pckziu.pl\/index.php?rest_route=\/wp\/v2\/pages"}],"about":[{"href":"https:\/\/pckziu.pl\/index.php?rest_route=\/wp\/v2\/types\/page"}],"author":[{"embeddable":true,"href":"https:\/\/pckziu.pl\/index.php?rest_route=\/wp\/v2\/users\/1"}],"replies":[{"embeddable":true,"href":"https:\/\/pckziu.pl\/index.php?rest_route=%2Fwp%2Fv2%2Fcomments&post=183"}],"version-history":[{"count":3,"href":"https:\/\/pckziu.pl\/index.php?rest_route=\/wp\/v2\/pages\/183\/revisions"}],"predecessor-version":[{"id":312,"href":"https:\/\/pckziu.pl\/index.php?rest_route=\/wp\/v2\/pages\/183\/revisions\/312"}],"wp:attachment":[{"href":"https:\/\/pckziu.pl\/index.php?rest_route=%2Fwp%2Fv2%2Fmedia&parent=183"}],"curies":[{"name":"wp","href":"https:\/\/api.w.org\/{rel}","templated":true}]}}