{"id":175,"date":"2023-04-03T15:57:05","date_gmt":"2023-04-03T13:57:05","guid":{"rendered":"https:\/\/pckziu.pl\/?page_id=175"},"modified":"2023-05-04T10:59:10","modified_gmt":"2023-05-04T08:59:10","slug":"technik-pojazdow-samochodowych","status":"publish","type":"page","link":"https:\/\/pckziu.pl\/?page_id=175","title":{"rendered":"Technik pojazd\u00f3w samochodowych"},"content":{"rendered":"\n<p>Technik pojazd\u00f3w samochodowych zapewnia obs\u0142ug\u0119 pojazd\u00f3w samochodowych w zakresie eksploatacji, serwisowania i napraw; przeprowadza diagnostyk\u0119 samochodow\u0105; wykonuje przegl\u0105dy pojazd\u00f3w samochodowych w stacjach obs\u0142ugi i kontroli pojazd\u00f3w; zapewnia doradztwo techniczne w zakresie eksploatacji, konserwacji i naprawiania pojazd\u00f3w samochodowych.<\/p>\n\n\n\n<figure class=\"wp-block-gallery has-nested-images columns-default is-cropped wp-block-gallery-1 is-layout-flex wp-block-gallery-is-layout-flex\">\n<figure class=\"wp-block-image size-large\"><img loading=\"lazy\" decoding=\"async\" width=\"750\" height=\"1000\" data-id=\"292\" src=\"https:\/\/pckziu.pl\/wp-content\/uploads\/2023\/05\/mech5.jpg\" alt=\"\" class=\"wp-image-292\" srcset=\"https:\/\/pckziu.pl\/wp-content\/uploads\/2023\/05\/mech5.jpg 750w, https:\/\/pckziu.pl\/wp-content\/uploads\/2023\/05\/mech5-225x300.jpg 225w, https:\/\/pckziu.pl\/wp-content\/uploads\/2023\/05\/mech5-624x832.jpg 624w\" sizes=\"auto, (max-width: 750px) 100vw, 750px\" \/><\/figure>\n\n\n\n<figure class=\"wp-block-image size-large\"><img loading=\"lazy\" decoding=\"async\" width=\"750\" height=\"1000\" data-id=\"293\" src=\"https:\/\/pckziu.pl\/wp-content\/uploads\/2023\/05\/mech6.jpg\" alt=\"\" class=\"wp-image-293\" srcset=\"https:\/\/pckziu.pl\/wp-content\/uploads\/2023\/05\/mech6.jpg 750w, https:\/\/pckziu.pl\/wp-content\/uploads\/2023\/05\/mech6-225x300.jpg 225w, https:\/\/pckziu.pl\/wp-content\/uploads\/2023\/05\/mech6-624x832.jpg 624w\" sizes=\"auto, (max-width: 750px) 100vw, 750px\" \/><\/figure>\n<\/figure>\n\n\n\n<p>Technik pojazd\u00f3w samochodowych to zaw\u00f3d z obszaru kszta\u0142cenia mechanicznego i g\u00f3rniczo-hutniczego.<\/p>\n","protected":false},"excerpt":{"rendered":"<p>Technik pojazd\u00f3w samochodowych zapewnia obs\u0142ug\u0119 pojazd\u00f3w samochodowych w zakresie eksploatacji, serwisowania i napraw; przeprowadza diagnostyk\u0119 samochodow\u0105; wykonuje przegl\u0105dy pojazd\u00f3w samochodowych w stacjach obs\u0142ugi i kontroli pojazd\u00f3w; zapewnia doradztwo techniczne w zakresie eksploatacji, konserwacji i naprawiania pojazd\u00f3w samochodowych. Technik pojazd\u00f3w samochodowych to zaw\u00f3d z obszaru kszta\u0142cenia mechanicznego i g\u00f3rniczo-hutniczego.<\/p>\n","protected":false},"author":1,"featured_media":0,"parent":0,"menu_order":0,"comment_status":"closed","ping_status":"closed","template":"","meta":{"footnotes":""},"class_list":["post-175","page","type-page","status-publish","hentry"],"_links":{"self":[{"href":"https:\/\/pckziu.pl\/index.php?rest_route=\/wp\/v2\/pages\/175","targetHints":{"allow":["GET"]}}],"collection":[{"href":"https:\/\/pckziu.pl\/index.php?rest_route=\/wp\/v2\/pages"}],"about":[{"href":"https:\/\/pckziu.pl\/index.php?rest_route=\/wp\/v2\/types\/page"}],"author":[{"embeddable":true,"href":"https:\/\/pckziu.pl\/index.php?rest_route=\/wp\/v2\/users\/1"}],"replies":[{"embeddable":true,"href":"https:\/\/pckziu.pl\/index.php?rest_route=%2Fwp%2Fv2%2Fcomments&post=175"}],"version-history":[{"count":2,"href":"https:\/\/pckziu.pl\/index.php?rest_route=\/wp\/v2\/pages\/175\/revisions"}],"predecessor-version":[{"id":294,"href":"https:\/\/pckziu.pl\/index.php?rest_route=\/wp\/v2\/pages\/175\/revisions\/294"}],"wp:attachment":[{"href":"https:\/\/pckziu.pl\/index.php?rest_route=%2Fwp%2Fv2%2Fmedia&parent=175"}],"curies":[{"name":"wp","href":"https:\/\/api.w.org\/{rel}","templated":true}]}}