{"id":173,"date":"2023-04-03T15:55:52","date_gmt":"2023-04-03T13:55:52","guid":{"rendered":"https:\/\/pckziu.pl\/?page_id=173"},"modified":"2023-05-04T10:43:07","modified_gmt":"2023-05-04T08:43:07","slug":"mechanik-pojazdow-samochodowych","status":"publish","type":"page","link":"https:\/\/pckziu.pl\/?page_id=173","title":{"rendered":"Mechanik pojazd\u00f3w samochodowych"},"content":{"rendered":"\n<p>Jest to pracownik, kt\u00f3ry dokonuje przegl\u0105du oraz napraw samochod\u00f3w i innych pojazd\u00f3w mechanicznych.<\/p>\n\n\n\n<figure class=\"wp-block-gallery has-nested-images columns-default is-cropped wp-block-gallery-1 is-layout-flex wp-block-gallery-is-layout-flex\">\n<figure class=\"wp-block-image size-large\"><img loading=\"lazy\" decoding=\"async\" width=\"750\" height=\"1000\" data-id=\"288\" src=\"https:\/\/pckziu.pl\/wp-content\/uploads\/2023\/05\/mech1-1.jpg\" alt=\"\" class=\"wp-image-288\" srcset=\"https:\/\/pckziu.pl\/wp-content\/uploads\/2023\/05\/mech1-1.jpg 750w, https:\/\/pckziu.pl\/wp-content\/uploads\/2023\/05\/mech1-1-225x300.jpg 225w, https:\/\/pckziu.pl\/wp-content\/uploads\/2023\/05\/mech1-1-624x832.jpg 624w\" sizes=\"auto, (max-width: 750px) 100vw, 750px\" \/><\/figure>\n\n\n\n<figure class=\"wp-block-image size-large\"><img loading=\"lazy\" decoding=\"async\" width=\"638\" height=\"480\" data-id=\"287\" src=\"https:\/\/pckziu.pl\/wp-content\/uploads\/2023\/05\/mech2-1.jpg\" alt=\"\" class=\"wp-image-287\" srcset=\"https:\/\/pckziu.pl\/wp-content\/uploads\/2023\/05\/mech2-1.jpg 638w, https:\/\/pckziu.pl\/wp-content\/uploads\/2023\/05\/mech2-1-300x226.jpg 300w, https:\/\/pckziu.pl\/wp-content\/uploads\/2023\/05\/mech2-1-624x469.jpg 624w\" sizes=\"auto, (max-width: 638px) 100vw, 638px\" \/><\/figure>\n<\/figure>\n\n\n\n<p>Mechanik samochodowy naprawia i dokonuje przegl\u0105du samochod\u00f3w i innych pojazd\u00f3w mechanicznych. Kontroluje pojazd i omawia z klientem rodzaj i zakres uszkodzenia lub niesprawno\u015bci. Planuje prac\u0119, wykorzystuj\u0105c wykresy, podr\u0119czniki techniczne i do\u015bwiadczenie. Podnosi pojazd, u\u017cywaj\u0105c podno\u015bnika hydraulicznego, w celu dostania si\u0119 do cz\u0119\u015bci mechanicznych. Usuwa cz\u0119\u015bci, takie jak silnik itp., u\u017cywaj\u0105c klucza maszynowego, skr\u0119tnika i podno\u015bnika. Rozk\u0142ada cz\u0119\u015bci i kontroluje zu\u017cycie, u\u017cywaj\u0105c narz\u0119dzi pomiarowych. Naprawia lub wymienia cz\u0119\u015bci, takie jak t\u0142oki, dr\u0105\u017cki itp., u\u017cywaj\u0105c narz\u0119dzi r\u0119cznych. Dokonuje przegl\u0105du i wymienia ga\u017aniki, rozdzielacze, pompy itp. Przebudowuje cz\u0119\u015bci, u\u017cywaj\u0105c sprz\u0119tu do obr\u00f3bki skrawaniem i spawania. Wymienia przewody w obwodach elektrycznych. Wymienia klocki hamulcowe i reguluje hamulce, ustawia w osi (centruje), naprawia i wymienia amortyzatory, i lutuje nieszczelno\u015bci w ch\u0142odnicy. Naprawia uszkodzon\u0105 karoseri\u0119 i zderzaki. Wymienia i reguluje \u015bwiat\u0142a, instaluje i naprawia akcesoria, takie jak radio, ogrzewanie, alarm przeciw- w\u0142amaniowy, itp. Wymienia materia\u0142y i cz\u0119\u015bci jednorazowego u\u017cytku (oleje, filtry, itp.). Mo\u017ce pracowa\u0107 zgodnie ze specjalno\u015bci\u0105 jako mechanik samochod\u00f3w osobowych, ci\u0119\u017carowych, autobus\u00f3w, pojazd\u00f3w rolniczych itd.<\/p>\n\n\n\n<figure class=\"wp-block-gallery has-nested-images columns-default is-cropped wp-block-gallery-2 is-layout-flex wp-block-gallery-is-layout-flex\">\n<figure class=\"wp-block-image size-large\"><img loading=\"lazy\" decoding=\"async\" width=\"768\" height=\"1024\" data-id=\"289\" src=\"https:\/\/pckziu.pl\/wp-content\/uploads\/2023\/05\/mech3-768x1024.jpg\" alt=\"\" class=\"wp-image-289\" srcset=\"https:\/\/pckziu.pl\/wp-content\/uploads\/2023\/05\/mech3-768x1024.jpg 768w, https:\/\/pckziu.pl\/wp-content\/uploads\/2023\/05\/mech3-225x300.jpg 225w, https:\/\/pckziu.pl\/wp-content\/uploads\/2023\/05\/mech3-1152x1536.jpg 1152w, https:\/\/pckziu.pl\/wp-content\/uploads\/2023\/05\/mech3-624x832.jpg 624w, https:\/\/pckziu.pl\/wp-content\/uploads\/2023\/05\/mech3.jpg 1536w\" sizes=\"auto, (max-width: 768px) 100vw, 768px\" \/><\/figure>\n\n\n\n<figure class=\"wp-block-image size-large\"><img loading=\"lazy\" decoding=\"async\" width=\"768\" height=\"1024\" data-id=\"290\" src=\"https:\/\/pckziu.pl\/wp-content\/uploads\/2023\/05\/mech4-768x1024.jpg\" alt=\"\" class=\"wp-image-290\" srcset=\"https:\/\/pckziu.pl\/wp-content\/uploads\/2023\/05\/mech4-768x1024.jpg 768w, https:\/\/pckziu.pl\/wp-content\/uploads\/2023\/05\/mech4-225x300.jpg 225w, https:\/\/pckziu.pl\/wp-content\/uploads\/2023\/05\/mech4-624x832.jpg 624w, https:\/\/pckziu.pl\/wp-content\/uploads\/2023\/05\/mech4.jpg 1080w\" sizes=\"auto, (max-width: 768px) 100vw, 768px\" \/><\/figure>\n<\/figure>\n","protected":false},"excerpt":{"rendered":"<p>Jest to pracownik, kt\u00f3ry dokonuje przegl\u0105du oraz napraw samochod\u00f3w i innych pojazd\u00f3w mechanicznych. Mechanik samochodowy naprawia i dokonuje przegl\u0105du samochod\u00f3w i innych pojazd\u00f3w mechanicznych. Kontroluje pojazd i omawia z klientem rodzaj i zakres uszkodzenia lub niesprawno\u015bci. Planuje prac\u0119, wykorzystuj\u0105c wykresy, podr\u0119czniki techniczne i do\u015bwiadczenie. Podnosi pojazd, u\u017cywaj\u0105c podno\u015bnika hydraulicznego, w celu dostania si\u0119 do cz\u0119\u015bci [&hellip;]<\/p>\n","protected":false},"author":1,"featured_media":0,"parent":0,"menu_order":0,"comment_status":"closed","ping_status":"closed","template":"","meta":{"footnotes":""},"class_list":["post-173","page","type-page","status-publish","hentry"],"_links":{"self":[{"href":"https:\/\/pckziu.pl\/index.php?rest_route=\/wp\/v2\/pages\/173","targetHints":{"allow":["GET"]}}],"collection":[{"href":"https:\/\/pckziu.pl\/index.php?rest_route=\/wp\/v2\/pages"}],"about":[{"href":"https:\/\/pckziu.pl\/index.php?rest_route=\/wp\/v2\/types\/page"}],"author":[{"embeddable":true,"href":"https:\/\/pckziu.pl\/index.php?rest_route=\/wp\/v2\/users\/1"}],"replies":[{"embeddable":true,"href":"https:\/\/pckziu.pl\/index.php?rest_route=%2Fwp%2Fv2%2Fcomments&post=173"}],"version-history":[{"count":3,"href":"https:\/\/pckziu.pl\/index.php?rest_route=\/wp\/v2\/pages\/173\/revisions"}],"predecessor-version":[{"id":291,"href":"https:\/\/pckziu.pl\/index.php?rest_route=\/wp\/v2\/pages\/173\/revisions\/291"}],"wp:attachment":[{"href":"https:\/\/pckziu.pl\/index.php?rest_route=%2Fwp%2Fv2%2Fmedia&parent=173"}],"curies":[{"name":"wp","href":"https:\/\/api.w.org\/{rel}","templated":true}]}}